{"id":422,"date":"2025-11-10T18:40:28","date_gmt":"2025-11-10T18:40:28","guid":{"rendered":"https:\/\/somosnetz.com.br\/?page_id=422"},"modified":"2025-11-12T13:29:20","modified_gmt":"2025-11-12T13:29:20","slug":"estrategia","status":"publish","type":"page","link":"https:\/\/somosnetz.com.br\/index.php\/estrategia\/","title":{"rendered":"Estrat\u00e9gia"},"content":{"rendered":"\n<h1 class=\"wp-block-heading alignwide\">Nosso Prop\u00f3sito<\/h1>\n\n\n\n<p class=\"has-large-font-size\">Motivo pelo qual a marca est\u00e1 no mundo.<\/p>\n\n\n\n<div style=\"height:50px\" aria-hidden=\"true\" class=\"wp-block-spacer\"><\/div>\n\n\n\n<div class=\"wp-block-columns alignwide has-background is-layout-flex wp-container-core-columns-is-layout-73e09c0f wp-block-columns-is-layout-flex\" style=\"background-color:#ffe7d2;margin-top:0;margin-bottom:0;padding-top:0;padding-right:0;padding-bottom:0;padding-left:0\">\n<div class=\"wp-block-column is-vertically-aligned-center is-layout-flow wp-block-column-is-layout-flow\" style=\"flex-basis:60%\">\n<div class=\"wp-block-group has-global-padding is-layout-constrained wp-container-core-group-is-layout-52009084 wp-block-group-is-layout-constrained\" style=\"padding-top:var(--wp--preset--spacing--40);padding-right:var(--wp--preset--spacing--40);padding-bottom:var(--wp--preset--spacing--40);padding-left:var(--wp--preset--spacing--40)\">\n<p class=\"has-text-align-left\" style=\"font-size:clamp(1.648rem, 1.648rem + ((1vw - 0.2rem) * 1.097), 2.8rem);font-style:normal;font-weight:300;line-height:1.3\">Cuidar do patrim\u00f4nio para que pessoas extraordin\u00e1rias possam dedicar sua energia ao que realmente importa.<\/p>\n<\/div>\n<\/div>\n\n\n\n<div class=\"wp-block-column is-layout-flow wp-block-column-is-layout-flow\" style=\"flex-basis:40%\">\n<figure class=\"wp-block-image size-full\"><img loading=\"lazy\" decoding=\"async\" width=\"805\" height=\"1113\" src=\"https:\/\/somosnetz.com.br\/wp-content\/uploads\/2025\/11\/proposito_v2.png\" alt=\"\" class=\"wp-image-485\" srcset=\"https:\/\/somosnetz.com.br\/wp-content\/uploads\/2025\/11\/proposito_v2.png 805w, https:\/\/somosnetz.com.br\/wp-content\/uploads\/2025\/11\/proposito_v2-217x300.png 217w, https:\/\/somosnetz.com.br\/wp-content\/uploads\/2025\/11\/proposito_v2-741x1024.png 741w, https:\/\/somosnetz.com.br\/wp-content\/uploads\/2025\/11\/proposito_v2-768x1062.png 768w\" sizes=\"auto, (max-width: 805px) 100vw, 805px\" \/><\/figure>\n<\/div>\n<\/div>\n\n\n\n<div style=\"height:150px\" aria-hidden=\"true\" class=\"wp-block-spacer\"><\/div>\n\n\n\n<h1 class=\"wp-block-heading alignwide\">Proposta de Valor<\/h1>\n\n\n\n<p class=\"has-large-font-size\">O que entregamos e com qual diferencial.<\/p>\n\n\n\n<div style=\"height:50px\" aria-hidden=\"true\" class=\"wp-block-spacer\"><\/div>\n\n\n\n<figure class=\"wp-block-image alignwide size-full\"><img loading=\"lazy\" decoding=\"async\" width=\"1600\" height=\"533\" src=\"https:\/\/somosnetz.com.br\/wp-content\/uploads\/2025\/11\/netz_guia_estrategia_proposta_v2.png\" alt=\"\" class=\"wp-image-442\" srcset=\"https:\/\/somosnetz.com.br\/wp-content\/uploads\/2025\/11\/netz_guia_estrategia_proposta_v2.png 1600w, https:\/\/somosnetz.com.br\/wp-content\/uploads\/2025\/11\/netz_guia_estrategia_proposta_v2-300x100.png 300w, https:\/\/somosnetz.com.br\/wp-content\/uploads\/2025\/11\/netz_guia_estrategia_proposta_v2-1024x341.png 1024w, https:\/\/somosnetz.com.br\/wp-content\/uploads\/2025\/11\/netz_guia_estrategia_proposta_v2-768x256.png 768w, https:\/\/somosnetz.com.br\/wp-content\/uploads\/2025\/11\/netz_guia_estrategia_proposta_v2-1536x512.png 1536w\" sizes=\"auto, (max-width: 1600px) 100vw, 1600px\" \/><\/figure>\n\n\n\n<div style=\"height:150px\" aria-hidden=\"true\" class=\"wp-block-spacer\"><\/div>\n\n\n\n<div class=\"wp-block-group alignfull has-base-2-background-color has-background has-global-padding is-content-justification-left is-layout-constrained wp-container-core-group-is-layout-de3136d1 wp-block-group-is-layout-constrained\" style=\"padding-top:var(--wp--preset--spacing--60);padding-bottom:var(--wp--preset--spacing--60)\">\n<h1 class=\"wp-block-heading\">Territ\u00f3rios<\/h1>\n\n\n\n<div class=\"wp-block-group alignwide is-layout-flow wp-block-group-is-layout-flow\">\n<p class=\"has-large-font-size\">Qual espa\u00e7o conceitual queremos ocupar na mente das pessoas.<\/p>\n<\/div>\n\n\n\n<div style=\"height:50px\" aria-hidden=\"true\" class=\"wp-block-spacer\"><\/div>\n\n\n\n<p class=\"has-xx-large-font-size\">Maestria<\/p>\n\n\n\n<p>\u00c9 o nosso territ\u00f3rio de marca, \u00e9 o que orienta e qualifica o nosso fazer de excel\u00eancia.<\/p>\n\n\n\n<div style=\"height:50px\" aria-hidden=\"true\" class=\"wp-block-spacer\"><\/div>\n\n\n\n<div class=\"wp-block-columns alignwide is-layout-flex wp-container-core-columns-is-layout-28f84493 wp-block-columns-is-layout-flex\">\n<div class=\"wp-block-column is-layout-flow wp-block-column-is-layout-flow\">\n<h4 class=\"wp-block-heading\">intelig\u00eancia preditiva<\/h4>\n\n\n\n<figure class=\"wp-block-image size-full\"><img loading=\"lazy\" decoding=\"async\" width=\"667\" height=\"909\" src=\"https:\/\/somosnetz.com.br\/wp-content\/uploads\/2025\/11\/netz_guia_estrategia_territorios_1_v3.jpg\" alt=\"\" class=\"wp-image-520\" srcset=\"https:\/\/somosnetz.com.br\/wp-content\/uploads\/2025\/11\/netz_guia_estrategia_territorios_1_v3.jpg 667w, https:\/\/somosnetz.com.br\/wp-content\/uploads\/2025\/11\/netz_guia_estrategia_territorios_1_v3-220x300.jpg 220w\" sizes=\"auto, (max-width: 667px) 100vw, 667px\" \/><\/figure>\n\n\n\n<p>Tranquilidade de uma gest\u00e3o que antecipa riscos e se adapta proativamente.<\/p>\n<\/div>\n\n\n\n<div class=\"wp-block-column is-layout-flow wp-block-column-is-layout-flow\">\n<h4 class=\"wp-block-heading\">Hi tech + hi touch<\/h4>\n\n\n\n<figure class=\"wp-block-image size-full\"><img loading=\"lazy\" decoding=\"async\" width=\"667\" height=\"909\" src=\"https:\/\/somosnetz.com.br\/wp-content\/uploads\/2025\/11\/netz_guia_estrategia_territorios_2_v3.jpg\" alt=\"\" class=\"wp-image-521\" srcset=\"https:\/\/somosnetz.com.br\/wp-content\/uploads\/2025\/11\/netz_guia_estrategia_territorios_2_v3.jpg 667w, https:\/\/somosnetz.com.br\/wp-content\/uploads\/2025\/11\/netz_guia_estrategia_territorios_2_v3-220x300.jpg 220w\" sizes=\"auto, (max-width: 667px) 100vw, 667px\" \/><\/figure>\n\n\n\n<p>Alta tecnologia com expertise e toque humano.<\/p>\n<\/div>\n\n\n\n<div class=\"wp-block-column is-layout-flow wp-block-column-is-layout-flow\">\n<h4 class=\"wp-block-heading\">navega\u00e7\u00e3o estrat\u00e9gica<\/h4>\n\n\n\n<figure class=\"wp-block-image size-full\"><img loading=\"lazy\" decoding=\"async\" width=\"667\" height=\"909\" src=\"https:\/\/somosnetz.com.br\/wp-content\/uploads\/2025\/11\/netz_guia_estrategia_territorios_3_v4.jpg\" alt=\"\" class=\"wp-image-522\" srcset=\"https:\/\/somosnetz.com.br\/wp-content\/uploads\/2025\/11\/netz_guia_estrategia_territorios_3_v4.jpg 667w, https:\/\/somosnetz.com.br\/wp-content\/uploads\/2025\/11\/netz_guia_estrategia_territorios_3_v4-220x300.jpg 220w\" sizes=\"auto, (max-width: 667px) 100vw, 667px\" \/><\/figure>\n\n\n\n<p>Possu\u00edmos alta capacidade de navega\u00e7\u00e3o na complexidade.<\/p>\n<\/div>\n<\/div>\n<\/div>\n\n\n\n<div style=\"height:200px\" aria-hidden=\"true\" class=\"wp-block-spacer\"><\/div>\n\n\n\n<h1 class=\"wp-block-heading alignwide\">Nossa Personalidade<\/h1>\n\n\n\n<div class=\"wp-block-group alignwide is-layout-flow wp-block-group-is-layout-flow\">\n<p class=\"has-large-font-size\">A forma \u00fanica como Netz se expressa e estabelece rela\u00e7\u00f5es.<\/p>\n<\/div>\n\n\n\n<div style=\"height:50px\" aria-hidden=\"true\" class=\"wp-block-spacer\"><\/div>\n\n\n\n<div class=\"wp-block-columns alignwide is-layout-flex wp-container-core-columns-is-layout-28f84493 wp-block-columns-is-layout-flex\">\n<div class=\"wp-block-column is-layout-flow wp-block-column-is-layout-flow\">\n<figure class=\"wp-block-image size-full is-resized\"><img loading=\"lazy\" decoding=\"async\" width=\"600\" height=\"600\" src=\"https:\/\/somosnetz.com.br\/wp-content\/uploads\/2025\/11\/netz_guia_estrategia_personalidade_1.png\" alt=\"\" class=\"wp-image-489\" style=\"width:200px\" srcset=\"https:\/\/somosnetz.com.br\/wp-content\/uploads\/2025\/11\/netz_guia_estrategia_personalidade_1.png 600w, https:\/\/somosnetz.com.br\/wp-content\/uploads\/2025\/11\/netz_guia_estrategia_personalidade_1-300x300.png 300w, https:\/\/somosnetz.com.br\/wp-content\/uploads\/2025\/11\/netz_guia_estrategia_personalidade_1-150x150.png 150w\" sizes=\"auto, (max-width: 600px) 100vw, 600px\" \/><\/figure>\n\n\n\n<h2 class=\"wp-block-heading alignwide\">Inovadora<\/h2>\n\n\n\n<h4 class=\"wp-block-heading\">Inventiva<\/h4>\n\n\n\n<p>Desafia o mercado tradicional, criando o futuro com solu\u00e7\u00f5es disruptivas. Nossa tecnologia de ponta e design vision\u00e1rio abrem novos caminhos, redefinindo o que \u00e9 poss\u00edvel.<\/p>\n<\/div>\n\n\n\n<div class=\"wp-block-column is-layout-flow wp-block-column-is-layout-flow\">\n<figure class=\"wp-block-image size-full is-resized\"><img loading=\"lazy\" decoding=\"async\" width=\"600\" height=\"600\" src=\"https:\/\/somosnetz.com.br\/wp-content\/uploads\/2025\/11\/netz_guia_estrategia_personalidade_2.png\" alt=\"\" class=\"wp-image-491\" style=\"width:200px\" srcset=\"https:\/\/somosnetz.com.br\/wp-content\/uploads\/2025\/11\/netz_guia_estrategia_personalidade_2.png 600w, https:\/\/somosnetz.com.br\/wp-content\/uploads\/2025\/11\/netz_guia_estrategia_personalidade_2-300x300.png 300w, https:\/\/somosnetz.com.br\/wp-content\/uploads\/2025\/11\/netz_guia_estrategia_personalidade_2-150x150.png 150w\" sizes=\"auto, (max-width: 600px) 100vw, 600px\" \/><\/figure>\n\n\n\n<h2 class=\"wp-block-heading alignwide\">Vanguardista<\/h2>\n\n\n\n<h4 class=\"wp-block-heading\">Moderna<\/h4>\n\n\n\n<p>Antecipa tend\u00eancias e molda o futuro, respondendo proativamente \u00e0s necessidades em constante evolu\u00e7\u00e3o.&nbsp;<\/p>\n<\/div>\n<\/div>\n\n\n\n<div style=\"height:50px\" aria-hidden=\"true\" class=\"wp-block-spacer\"><\/div>\n\n\n\n<div class=\"wp-block-columns alignwide is-layout-flex wp-container-core-columns-is-layout-28f84493 wp-block-columns-is-layout-flex\">\n<div class=\"wp-block-column is-layout-flow wp-block-column-is-layout-flow\">\n<figure class=\"wp-block-image size-full is-resized\"><img loading=\"lazy\" decoding=\"async\" width=\"600\" height=\"600\" src=\"https:\/\/somosnetz.com.br\/wp-content\/uploads\/2025\/11\/netz_guia_estrategia_personalidade_3.png\" alt=\"\" class=\"wp-image-493\" style=\"width:200px\" srcset=\"https:\/\/somosnetz.com.br\/wp-content\/uploads\/2025\/11\/netz_guia_estrategia_personalidade_3.png 600w, https:\/\/somosnetz.com.br\/wp-content\/uploads\/2025\/11\/netz_guia_estrategia_personalidade_3-300x300.png 300w, https:\/\/somosnetz.com.br\/wp-content\/uploads\/2025\/11\/netz_guia_estrategia_personalidade_3-150x150.png 150w\" sizes=\"auto, (max-width: 600px) 100vw, 600px\" \/><\/figure>\n\n\n\n<h2 class=\"wp-block-heading alignwide\">Sofisticada<\/h2>\n\n\n\n<h4 class=\"wp-block-heading\">Distinta<\/h4>\n\n\n\n<p>S\u00edmbolo de excel\u00eancia e bom gosto, nossa marca oferece solu\u00e7\u00f5es exclusivas e impec\u00e1veis.&nbsp;Cada detalhe \u00e9 curado para proporcionar uma experi\u00eancia de distin\u00e7\u00e3o e valor inigual\u00e1vel.<\/p>\n<\/div>\n\n\n\n<div class=\"wp-block-column is-layout-flow wp-block-column-is-layout-flow\">\n<figure class=\"wp-block-image size-full is-resized\"><img loading=\"lazy\" decoding=\"async\" width=\"600\" height=\"600\" src=\"https:\/\/somosnetz.com.br\/wp-content\/uploads\/2025\/11\/netz_guia_estrategia_personalidade_4.png\" alt=\"\" class=\"wp-image-495\" style=\"width:200px\" srcset=\"https:\/\/somosnetz.com.br\/wp-content\/uploads\/2025\/11\/netz_guia_estrategia_personalidade_4.png 600w, https:\/\/somosnetz.com.br\/wp-content\/uploads\/2025\/11\/netz_guia_estrategia_personalidade_4-300x300.png 300w, https:\/\/somosnetz.com.br\/wp-content\/uploads\/2025\/11\/netz_guia_estrategia_personalidade_4-150x150.png 150w\" sizes=\"auto, (max-width: 600px) 100vw, 600px\" \/><\/figure>\n\n\n\n<h2 class=\"wp-block-heading alignwide\">Excelente<\/h2>\n\n\n\n<h4 class=\"wp-block-heading\">Confi\u00e1vel<\/h4>\n\n\n\n<p>Nossa paix\u00e3o pela perfei\u00e7\u00e3o se traduz em produtos e servi\u00e7os de performance inquestion\u00e1vel. Com uma equipe de especialistas dedicados, garantimos uma entrega consistente que supera as expectativas.<\/p>\n<\/div>\n<\/div>\n\n\n\n<div style=\"height:50px\" aria-hidden=\"true\" class=\"wp-block-spacer\"><\/div>\n\n\n\n<figure class=\"wp-block-image size-full is-resized\"><img loading=\"lazy\" decoding=\"async\" width=\"600\" height=\"600\" src=\"https:\/\/somosnetz.com.br\/wp-content\/uploads\/2025\/11\/netz_guia_estrategia_personalidade_5.png\" alt=\"\" class=\"wp-image-497\" style=\"width:200px\" srcset=\"https:\/\/somosnetz.com.br\/wp-content\/uploads\/2025\/11\/netz_guia_estrategia_personalidade_5.png 600w, https:\/\/somosnetz.com.br\/wp-content\/uploads\/2025\/11\/netz_guia_estrategia_personalidade_5-300x300.png 300w, https:\/\/somosnetz.com.br\/wp-content\/uploads\/2025\/11\/netz_guia_estrategia_personalidade_5-150x150.png 150w\" sizes=\"auto, (max-width: 600px) 100vw, 600px\" \/><\/figure>\n\n\n\n<h2 class=\"wp-block-heading alignwide\">Customer centricity<\/h2>\n\n\n\n<div class=\"wp-block-columns alignwide is-layout-flex wp-container-core-columns-is-layout-28f84493 wp-block-columns-is-layout-flex\">\n<div class=\"wp-block-column is-layout-flow wp-block-column-is-layout-flow\">\n<h4 class=\"wp-block-heading\">propositiva<\/h4>\n\n\n\n<p>Cada estrat\u00e9gia e inova\u00e7\u00e3o nasce da compreens\u00e3o profunda de nossos clientes.&nbsp;Com agilidade, intelig\u00eancia e um toque humano genu\u00edno, constru\u00edmos relacionamentos que encantam e impulsionam o sucesso m\u00fatuo.<\/p>\n<\/div>\n\n\n\n<div class=\"wp-block-column is-layout-flow wp-block-column-is-layout-flow\"><\/div>\n<\/div>\n\n\n\n<div style=\"height:100px\" aria-hidden=\"true\" class=\"wp-block-spacer\"><\/div>\n","protected":false},"excerpt":{"rendered":"<p>Nosso Prop\u00f3sito Motivo pelo qual a marca est\u00e1 no mundo. Cuidar do patrim\u00f4nio para que pessoas extraordin\u00e1rias possam dedicar sua energia ao que realmente importa. Proposta de Valor O que entregamos e com qual diferencial. Territ\u00f3rios Qual espa\u00e7o conceitual queremos ocupar na mente das pessoas. Maestria \u00c9 o nosso territ\u00f3rio de marca, \u00e9 o que [&hellip;]<\/p>\n","protected":false},"author":1,"featured_media":0,"parent":0,"menu_order":0,"comment_status":"closed","ping_status":"closed","template":"page-with-sidebar","meta":{"footnotes":"[]"},"class_list":["post-422","page","type-page","status-publish","hentry"],"_links":{"self":[{"href":"https:\/\/somosnetz.com.br\/index.php\/wp-json\/wp\/v2\/pages\/422","targetHints":{"allow":["GET"]}}],"collection":[{"href":"https:\/\/somosnetz.com.br\/index.php\/wp-json\/wp\/v2\/pages"}],"about":[{"href":"https:\/\/somosnetz.com.br\/index.php\/wp-json\/wp\/v2\/types\/page"}],"author":[{"embeddable":true,"href":"https:\/\/somosnetz.com.br\/index.php\/wp-json\/wp\/v2\/users\/1"}],"replies":[{"embeddable":true,"href":"https:\/\/somosnetz.com.br\/index.php\/wp-json\/wp\/v2\/comments?post=422"}],"version-history":[{"count":59,"href":"https:\/\/somosnetz.com.br\/index.php\/wp-json\/wp\/v2\/pages\/422\/revisions"}],"predecessor-version":[{"id":523,"href":"https:\/\/somosnetz.com.br\/index.php\/wp-json\/wp\/v2\/pages\/422\/revisions\/523"}],"wp:attachment":[{"href":"https:\/\/somosnetz.com.br\/index.php\/wp-json\/wp\/v2\/media?parent=422"}],"curies":[{"name":"wp","href":"https:\/\/api.w.org\/{rel}","templated":true}]}}