{"id":2,"date":"2025-10-20T13:53:09","date_gmt":"2025-10-20T13:53:09","guid":{"rendered":"http:\/\/localhost:8888\/guia_netz\/?page_id=2"},"modified":"2025-11-13T19:11:37","modified_gmt":"2025-11-13T19:11:37","slug":"sample-page","status":"publish","type":"page","link":"https:\/\/somosnetz.com.br\/","title":{"rendered":"Home"},"content":{"rendered":"\n<div class=\"wp-block-group alignfull has-base-color has-contrast-background-color has-text-color has-background has-link-color wp-elements-74d88987b26fc67de2e8edfc512f8c03 has-global-padding is-content-justification-left is-layout-constrained wp-container-core-group-is-layout-9b086d9d wp-block-group-is-layout-constrained\" style=\"padding-top:var(--wp--preset--spacing--40);padding-bottom:var(--wp--preset--spacing--60)\">\n<div class=\"wp-block-group alignwide has-base-color has-text-color has-link-color wp-elements-668293b02260d8737968d8056ab87642 has-global-padding is-content-justification-left is-layout-constrained wp-container-core-group-is-layout-8c361486 wp-block-group-is-layout-constrained\">\n<h1 class=\"wp-block-heading alignwide\">Este \u00e9 o nosso brand book.<\/h1>\n\n\n\n<p class=\"has-large-font-size\">Aqui voc\u00ea ver\u00e1 orienta\u00e7\u00f5es sobre nossa estrat\u00e9gia, al\u00e9m da constru\u00e7\u00e3o da nossa linguagem verbal e visual.<\/p>\n<\/div>\n<\/div>\n\n\n\n<div class=\"wp-block-group alignwide has-global-padding is-layout-constrained wp-block-group-is-layout-constrained\" style=\"margin-top:-100px\">\n<div class=\"wp-block-columns alignwide is-layout-flex wp-container-core-columns-is-layout-28f84493 wp-block-columns-is-layout-flex\">\n<div class=\"wp-block-column is-layout-flow wp-block-column-is-layout-flow\">\n<a href=\"https:\/\/somosnetz.com.br\/index.php\/estrategia\/\">\n\n\n\n<div class=\"wp-block-group ticss-02e5aad0 has-base-color has-accent-background-color has-text-color has-background has-link-color wp-elements-12318fd1ed1d6594dc0ba9695eb4f74b is-vertical is-content-justification-stretch is-layout-flex wp-container-core-group-is-layout-86fa23f1 wp-block-group-is-layout-flex\" style=\"min-height:500px;padding-top:var(--wp--preset--spacing--20);padding-right:var(--wp--preset--spacing--20);padding-bottom:var(--wp--preset--spacing--20);padding-left:var(--wp--preset--spacing--20);background-image:url(&apos;https:\/\/somosnetz.com.br\/wp-content\/uploads\/2025\/10\/netz_guia_fotografia_3_2_v2.jpg&apos;);background-position:55.00000000000001% 50%;background-size:cover;\">\n<p class=\"has-text-align-left\" style=\"font-size:clamp(3.037rem, 3.037rem + ((1vw - 0.2rem) * 2.822), 6rem);font-style:normal;font-weight:300;line-height:1\">01<\/p>\n\n\n\n<div aria-hidden=\"true\" class=\"wp-block-spacer wp-container-content-9cfa9a5a\"><\/div>\n\n\n\n<p class=\"has-large-font-size\">Estrat\u00e9gia<\/p>\n<\/div>\n\n\n\n<\/a>\n<\/div>\n\n\n\n<div class=\"wp-block-column is-layout-flow wp-block-column-is-layout-flow\">\n<a href=\"https:\/\/somosnetz.com.br\/index.php\/identidade-verbal\/\">\n\n\n\n<div class=\"wp-block-group ticss-02e5aad0 has-base-color has-text-color has-link-color wp-elements-2ce213e400734582737ef736f8edd265 is-vertical is-content-justification-stretch is-layout-flex wp-container-core-group-is-layout-86fa23f1 wp-block-group-is-layout-flex has-background\" style=\"min-height:500px;padding-top:var(--wp--preset--spacing--20);padding-right:var(--wp--preset--spacing--20);padding-bottom:var(--wp--preset--spacing--20);padding-left:var(--wp--preset--spacing--20);background-image:url(&apos;https:\/\/somosnetz.com.br\/wp-content\/uploads\/2025\/10\/netz_guia_fotografia_1_3.jpg&apos;);background-position:35% 50%;background-size:cover;\">\n<p class=\"has-text-align-left\" style=\"font-size:clamp(3.037rem, 3.037rem + ((1vw - 0.2rem) * 2.822), 6rem);font-style:normal;font-weight:300;line-height:1\">02<\/p>\n\n\n\n<div aria-hidden=\"true\" class=\"wp-block-spacer wp-container-content-9cfa9a5a\"><\/div>\n\n\n\n<p class=\"has-large-font-size\">Identidade verbal<\/p>\n<\/div>\n\n\n\n<\/a>\n<\/div>\n\n\n\n<div class=\"wp-block-column is-vertically-aligned-stretch is-layout-flow wp-block-column-is-layout-flow\">\n<a href=\"https:\/\/somosnetz.com.br\/index.php\/identidade-visual\/\">\n\n\n\n<div class=\"wp-block-group ticss-02e5aad0 has-base-color has-accent-background-color has-text-color has-background has-link-color wp-elements-5b0cbe404040871f6cb8541b6392f662 is-vertical is-content-justification-stretch is-layout-flex wp-container-core-group-is-layout-e0873eb8 wp-block-group-is-layout-flex\" style=\"min-height:500px;padding-top:var(--wp--preset--spacing--20);padding-right:var(--wp--preset--spacing--20);padding-bottom:var(--wp--preset--spacing--20);padding-left:var(--wp--preset--spacing--20);background-image:url(&apos;https:\/\/somosnetz.com.br\/wp-content\/uploads\/2025\/11\/netz_guia_home_id.png&apos;);background-position:50% 50%;background-size:cover;\">\n<p class=\"has-text-align-left\" style=\"font-size:clamp(3.037rem, 3.037rem + ((1vw - 0.2rem) * 2.822), 6rem);font-style:normal;font-weight:300;line-height:1\">03<\/p>\n\n\n\n<div aria-hidden=\"true\" class=\"wp-block-spacer wp-container-content-9cfa9a5a\"><\/div>\n\n\n\n<p class=\"has-large-font-size\">Identidade visual<\/p>\n<\/div>\n\n\n\n<\/a>\n<\/div>\n<\/div>\n<\/div>\n","protected":false},"excerpt":{"rendered":"<p>Este \u00e9 o nosso brand book. Aqui voc\u00ea ver\u00e1 orienta\u00e7\u00f5es sobre nossa estrat\u00e9gia, al\u00e9m da constru\u00e7\u00e3o da nossa linguagem verbal e visual. 01 Estrat\u00e9gia 02 Identidade verbal 03 Identidade visual<\/p>\n","protected":false},"author":1,"featured_media":0,"parent":0,"menu_order":0,"comment_status":"closed","ping_status":"open","template":"page-no-title","meta":{"footnotes":""},"class_list":["post-2","page","type-page","status-publish","hentry"],"_links":{"self":[{"href":"https:\/\/somosnetz.com.br\/index.php\/wp-json\/wp\/v2\/pages\/2","targetHints":{"allow":["GET"]}}],"collection":[{"href":"https:\/\/somosnetz.com.br\/index.php\/wp-json\/wp\/v2\/pages"}],"about":[{"href":"https:\/\/somosnetz.com.br\/index.php\/wp-json\/wp\/v2\/types\/page"}],"author":[{"embeddable":true,"href":"https:\/\/somosnetz.com.br\/index.php\/wp-json\/wp\/v2\/users\/1"}],"replies":[{"embeddable":true,"href":"https:\/\/somosnetz.com.br\/index.php\/wp-json\/wp\/v2\/comments?post=2"}],"version-history":[{"count":24,"href":"https:\/\/somosnetz.com.br\/index.php\/wp-json\/wp\/v2\/pages\/2\/revisions"}],"predecessor-version":[{"id":621,"href":"https:\/\/somosnetz.com.br\/index.php\/wp-json\/wp\/v2\/pages\/2\/revisions\/621"}],"wp:attachment":[{"href":"https:\/\/somosnetz.com.br\/index.php\/wp-json\/wp\/v2\/media?parent=2"}],"curies":[{"name":"wp","href":"https:\/\/api.w.org\/{rel}","templated":true}]}}